{"id":15,"date":"2023-08-17T10:54:26","date_gmt":"2023-08-17T13:54:26","guid":{"rendered":"https:\/\/eternobuque.com.br\/?page_id=15"},"modified":"2025-05-04T22:28:55","modified_gmt":"2025-05-05T01:28:55","slug":"home","status":"publish","type":"page","link":"https:\/\/eternobuque.com.br\/","title":{"rendered":"Home"},"content":{"rendered":"\t\t<div data-elementor-type=\"wp-page\" data-elementor-id=\"15\" class=\"elementor elementor-15\">\n\t\t\t\t\t\t<section class=\"elementor-section elementor-top-section elementor-element elementor-element-3e0c4b4 elementor-section-boxed elementor-section-height-default elementor-section-height-default\" data-id=\"3e0c4b4\" data-element_type=\"section\">\n\t\t\t\t\t\t<div class=\"elementor-container elementor-column-gap-default\">\n\t\t\t\t\t<div class=\"elementor-column elementor-col-100 elementor-top-column elementor-element elementor-element-c04693b\" data-id=\"c04693b\" data-element_type=\"column\">\n\t\t\t<div class=\"elementor-widget-wrap elementor-element-populated\">\n\t\t\t\t\t\t<section class=\"elementor-section elementor-inner-section elementor-element elementor-element-f2db521 elementor-section-boxed elementor-section-height-default elementor-section-height-default\" data-id=\"f2db521\" data-element_type=\"section\">\n\t\t\t\t\t\t<div class=\"elementor-container elementor-column-gap-default\">\n\t\t\t\t\t<div class=\"elementor-column elementor-col-50 elementor-inner-column elementor-element elementor-element-cecfb60\" data-id=\"cecfb60\" data-element_type=\"column\">\n\t\t\t<div class=\"elementor-widget-wrap elementor-element-populated\">\n\t\t\t\t\t\t<div class=\"elementor-element elementor-element-026f9fc elementor-widget-divider--view-line elementor-widget elementor-widget-divider\" data-id=\"026f9fc\" data-element_type=\"widget\" data-widget_type=\"divider.default\">\n\t\t\t\t<div class=\"elementor-widget-container\">\n\t\t\t\t\t\t\t<div class=\"elementor-divider\">\n\t\t\t<span class=\"elementor-divider-separator\">\n\t\t\t\t\t\t<\/span>\n\t\t<\/div>\n\t\t\t\t\t\t<\/div>\n\t\t\t\t<\/div>\n\t\t\t\t<div class=\"elementor-element elementor-element-b935e0d elementor-widget elementor-widget-text-editor\" data-id=\"b935e0d\" data-element_type=\"widget\" data-widget_type=\"text-editor.default\">\n\t\t\t\t<div class=\"elementor-widget-container\">\n\t\t\t\t\t\t\t\t\t<p><strong>O buqu\u00ea eternizado \u00e9 a escolha perfeita para quem quer guardar o acess\u00f3rio mais especial do seu casamento.<\/strong><\/p><p><strong>Voc\u00ea pode manter a tradi\u00e7\u00e3o de jogar o buqu\u00ea, jogando uma r\u00e9plica .<\/strong><\/p><p><strong>E o verdadeiro fica eternizado em uma verdadeira obra de arte.<\/strong><\/p><p><strong>O buqu\u00ea eternizado \u00e9 a escolha perfeita para quem quer guardar o acess\u00f3rio mais especial do seu casamento<\/strong><\/p>\t\t\t\t\t\t\t\t<\/div>\n\t\t\t\t<\/div>\n\t\t\t\t<div class=\"elementor-element elementor-element-49799ea elementor-widget-divider--view-line elementor-widget elementor-widget-divider\" data-id=\"49799ea\" data-element_type=\"widget\" data-widget_type=\"divider.default\">\n\t\t\t\t<div class=\"elementor-widget-container\">\n\t\t\t\t\t\t\t<div class=\"elementor-divider\">\n\t\t\t<span class=\"elementor-divider-separator\">\n\t\t\t\t\t\t<\/span>\n\t\t<\/div>\n\t\t\t\t\t\t<\/div>\n\t\t\t\t<\/div>\n\t\t\t\t\t<\/div>\n\t\t<\/div>\n\t\t\t\t<div class=\"elementor-column elementor-col-50 elementor-inner-column elementor-element elementor-element-e59f273\" data-id=\"e59f273\" data-element_type=\"column\">\n\t\t\t<div class=\"elementor-widget-wrap elementor-element-populated\">\n\t\t\t\t\t\t<div class=\"elementor-element elementor-element-598e224 elementor-widget elementor-widget-image\" data-id=\"598e224\" data-element_type=\"widget\" data-widget_type=\"image.default\">\n\t\t\t\t<div class=\"elementor-widget-container\">\n\t\t\t\t\t\t\t\t\t\t\t\t\t\t\t<img fetchpriority=\"high\" decoding=\"async\" width=\"640\" height=\"756\" src=\"https:\/\/eternobuque.com.br\/wp-content\/uploads\/2025\/04\/IMG-8637.jpg\" class=\"attachment-large size-large wp-image-1079\" alt=\"\" srcset=\"https:\/\/eternobuque.com.br\/wp-content\/uploads\/2025\/04\/IMG-8637.jpg 640w, https:\/\/eternobuque.com.br\/wp-content\/uploads\/2025\/04\/IMG-8637-254x300.jpg 254w\" sizes=\"(max-width: 640px) 100vw, 640px\" \/>\t\t\t\t\t\t\t\t\t\t\t\t\t\t\t<\/div>\n\t\t\t\t<\/div>\n\t\t\t\t\t<\/div>\n\t\t<\/div>\n\t\t\t\t\t<\/div>\n\t\t<\/section>\n\t\t\t\t\t<\/div>\n\t\t<\/div>\n\t\t\t\t\t<\/div>\n\t\t<\/section>\n\t\t\t\t<\/div>\n\t\t","protected":false},"excerpt":{"rendered":"<p>O buqu\u00ea eternizado \u00e9 a escolha perfeita para quem quer guardar o acess\u00f3rio mais especial do seu casamento. Voc\u00ea pode manter a<\/p>\n<p class=\"link-more\"><a class=\"myButt \" href=\"https:\/\/eternobuque.com.br\/\">Leia mais<\/a><\/p>\n","protected":false},"author":1,"featured_media":0,"parent":0,"menu_order":0,"comment_status":"closed","ping_status":"closed","template":"","meta":{"footnotes":""},"class_list":["post-15","page","type-page","status-publish","hentry"],"_links":{"self":[{"href":"https:\/\/eternobuque.com.br\/index.php\/wp-json\/wp\/v2\/pages\/15","targetHints":{"allow":["GET"]}}],"collection":[{"href":"https:\/\/eternobuque.com.br\/index.php\/wp-json\/wp\/v2\/pages"}],"about":[{"href":"https:\/\/eternobuque.com.br\/index.php\/wp-json\/wp\/v2\/types\/page"}],"author":[{"embeddable":true,"href":"https:\/\/eternobuque.com.br\/index.php\/wp-json\/wp\/v2\/users\/1"}],"replies":[{"embeddable":true,"href":"https:\/\/eternobuque.com.br\/index.php\/wp-json\/wp\/v2\/comments?post=15"}],"version-history":[{"count":13,"href":"https:\/\/eternobuque.com.br\/index.php\/wp-json\/wp\/v2\/pages\/15\/revisions"}],"predecessor-version":[{"id":1131,"href":"https:\/\/eternobuque.com.br\/index.php\/wp-json\/wp\/v2\/pages\/15\/revisions\/1131"}],"wp:attachment":[{"href":"https:\/\/eternobuque.com.br\/index.php\/wp-json\/wp\/v2\/media?parent=15"}],"curies":[{"name":"wp","href":"https:\/\/api.w.org\/{rel}","templated":true}]}}